{"id":14,"date":"2024-06-18T09:00:25","date_gmt":"2024-06-18T07:00:25","guid":{"rendered":"https:\/\/jpfastservice.es\/?page_id=14"},"modified":"2024-11-15T12:52:14","modified_gmt":"2024-11-15T11:52:14","slug":"cookies","status":"publish","type":"page","link":"https:\/\/jpfastservice.es\/en\/cookies\/","title":{"rendered":"Cookie Policy"},"content":{"rendered":"<div data-elementor-type=\"wp-page\" data-elementor-id=\"14\" class=\"elementor elementor-14\" data-elementor-post-type=\"page\">\n\t\t\t\t<div class=\"elementor-element elementor-element-67a1bb1 e-flex e-con-boxed e-con e-parent\" data-id=\"67a1bb1\" data-element_type=\"container\" data-e-type=\"container\" data-settings=\"{&quot;background_background&quot;:&quot;classic&quot;}\">\n\t\t\t\t\t<div class=\"e-con-inner\">\n\t\t<div class=\"elementor-element elementor-element-1990b55 e-flex e-con-boxed e-con e-child\" data-id=\"1990b55\" data-element_type=\"container\" data-e-type=\"container\">\n\t\t\t\t\t<div class=\"e-con-inner\">\n\t\t\t\t<div class=\"elementor-element elementor-element-24a5fab animated-slow elementor-invisible elementor-widget elementor-widget-heading\" data-id=\"24a5fab\" data-element_type=\"widget\" data-e-type=\"widget\" data-settings=\"{&quot;_animation&quot;:&quot;fadeInUp&quot;}\" data-widget_type=\"heading.default\">\n\t\t\t\t<div class=\"elementor-widget-container\">\n\t\t\t\t\t<h1 class=\"elementor-heading-title elementor-size-default\">Cookie Policy<\/h1>\t\t\t\t<\/div>\n\t\t\t\t<\/div>\n\t\t\t\t\t<\/div>\n\t\t\t\t<\/div>\n\t\t\t\t\t<\/div>\n\t\t\t\t<\/div>\n\t\t<div class=\"elementor-element elementor-element-2836654 e-flex e-con-boxed e-con e-parent\" data-id=\"2836654\" data-element_type=\"container\" data-e-type=\"container\" data-settings=\"{&quot;background_background&quot;:&quot;classic&quot;}\">\n\t\t\t\t\t<div class=\"e-con-inner\">\n\t\t<div class=\"elementor-element elementor-element-6549ebc e-con-full e-flex e-con e-child\" data-id=\"6549ebc\" data-element_type=\"container\" data-e-type=\"container\">\n\t\t\t\t<div class=\"elementor-element elementor-element-c5f78b1 elementor-invisible elementor-widget elementor-widget-text-editor\" data-id=\"c5f78b1\" data-element_type=\"widget\" data-e-type=\"widget\" data-settings=\"{&quot;_animation&quot;:&quot;fadeInUp&quot;}\" data-widget_type=\"text-editor.default\">\n\t\t\t\t<div class=\"elementor-widget-container\">\n\t\t\t\t\t\t\t\t\t<p>Access to this Website may involve the use of cookies. Cookies are small amounts of information that are stored in the browser used by each User \u2014on the different devices that may be used to browse\u2014 so that the server remembers certain information that will subsequently be read only by the server that implemented it. Cookies facilitate browsing, make it more user-friendly, and do not damage the browsing device.<\/p><p>Cookies are automatic procedures for collecting information relating to the preferences determined by the User during his visit to the Website in order to recognise him as a User, and personalise his experience and use of the Website, and may also, for example, help to identify and resolve errors.<\/p><p>The information collected through cookies may include the date and time of visits to the Website, the pages viewed, the time spent on the Website and the sites visited just before and after the visit. However, no cookie allows the cookie to contact the User's telephone number or any other means of personal contact. No cookie can extract information from the User's hard drive or steal personal information. The only way for the User's private information to be part of the Cookie file is for the User to personally provide that information to the server.<\/p><p>Cookies that allow a person to be identified are considered personal data. Therefore, the Privacy Policy described above will apply to them. In this regard, the User's consent will be required for their use. This consent will be communicated, based on an authentic choice, offered through an affirmative and positive decision, before the initial, removable and documented treatment.<\/p><div class=\"\"><h4>Social media cookies<\/h4><p><span class=\"blanc-space ng-binding\">JPFASTSERVICE<\/span>\u00a0incorporates social network plugins, which allow access to social networks from the Website. For this reason, social network cookies may be stored in the User's browser. The owners of these social networks have their own data protection and cookie policies, and are themselves, in each case, responsible for their own files and their own privacy practices. The User must refer to them to obtain information about these cookies and, where applicable, the processing of their personal data. For information purposes only, the links where these privacy and\/or cookie policies can be consulted are indicated below:<\/p><ul><li>Facebook:\u00a0<a class=\"text-info\" href=\"https:\/\/www.facebook.com\/policies\/cookies\/\">https:\/\/www.facebook.com\/policies\/cookies\/<\/a><\/li><li>Twitter:\u00a0<a class=\"text-info\" href=\"https:\/\/twitter.com\/es\/privacy\">https:\/\/twitter.com\/es\/privacy<\/a><\/li><li>Instagram:\u00a0<a class=\"text-info\" href=\"https:\/\/help.instagram.com\/1896641480634370?ref=ig\">https:\/\/help.instagram.com\/1896641480634370?ref=ig<\/a><\/li><li>YouTube:\u00a0<a class=\"text-info\" href=\"https:\/\/policies.google.com\/privacy?hl=es-419&amp;gl=mx\">https:\/\/policies.google.com\/privacy?hl=es-419&amp;gl=mx<\/a><\/li><li>Pinterest:\u00a0<a class=\"text-info\" href=\"https:\/\/policy.pinterest.com\/es\/privacy-policy\">https:\/\/policy.pinterest.com\/es\/privacy-policy<\/a><\/li><li>LinkedIn:\u00a0<a class=\"text-info\" href=\"https:\/\/www.linkedin.com\/legal\/cookie-policy?trk=hp-cookies\">https:\/\/www.linkedin.com\/legal\/cookie-policy?trk=hp-cookies<\/a><\/li><\/ul><\/div><h4>Disable, reject and delete cookies<\/h4><p>The User may disable, reject and delete cookies \u2013 in whole or in part \u2013 installed on his or her device by configuring his or her browser (including, for example, Chrome, Firefox, Safari, Explorer). In this regard, the procedures for rejecting and deleting cookies may differ from one Internet browser to another. Consequently, the User must follow the instructions provided by the Internet browser he or she is using. In the event that he or she rejects the use of cookies \u2013 in whole or in part \u2013 he or she may continue to use the Website, although the use of some of its features may be limited.\u00a0<\/p>\t\t\t\t\t\t\t\t<\/div>\n\t\t\t\t<\/div>\n\t\t\t\t<\/div>\n\t\t\t\t\t<\/div>\n\t\t\t\t<\/div>\n\t\t\t\t<\/div>","protected":false},"excerpt":{"rendered":"<p>El acceso a este Sitio Web puede implicar la utilizaci\u00f3n de cookies. Las cookies son peque\u00f1as cantidades de informaci\u00f3n que se almacenan en el navegador utilizado por cada Usuario \u2014en los distintos dispositivos que pueda utilizar para navegar\u2014 para que el servidor recuerde cierta informaci\u00f3n que posteriormente y \u00fanicamente el servidor que la implement\u00f3 leer\u00e1. [&hellip;]<\/p>\n","protected":false},"author":2,"featured_media":0,"parent":0,"menu_order":11,"comment_status":"closed","ping_status":"closed","template":"elementor_header_footer","meta":{"_joinchat":[],"footnotes":""},"class_list":["post-14","page","type-page","status-publish","hentry"],"yoast_head":"<!-- This site is optimized with the Yoast SEO plugin v26.8 - https:\/\/yoast.com\/product\/yoast-seo-wordpress\/ -->\n<title>Pol\u00edtica de cookies - JPFASTSERVICE<\/title>\n<meta name=\"robots\" content=\"noindex, follow\" \/>\n<meta property=\"og:locale\" content=\"en_US\" \/>\n<meta property=\"og:type\" content=\"article\" \/>\n<meta property=\"og:title\" content=\"Pol\u00edtica de cookies - JPFASTSERVICE\" \/>\n<meta property=\"og:description\" content=\"El acceso a este Sitio Web puede implicar la utilizaci\u00f3n de cookies. Las cookies son peque\u00f1as cantidades de informaci\u00f3n que se almacenan en el navegador utilizado por cada Usuario \u2014en los distintos dispositivos que pueda utilizar para navegar\u2014 para que el servidor recuerde cierta informaci\u00f3n que posteriormente y \u00fanicamente el servidor que la implement\u00f3 leer\u00e1. [&hellip;]\" \/>\n<meta property=\"og:url\" content=\"https:\/\/jpfastservice.es\/en\/cookies\/\" \/>\n<meta property=\"og:site_name\" content=\"JPFASTSERVICE\" \/>\n<meta property=\"article:modified_time\" content=\"2024-11-15T11:52:14+00:00\" \/>\n<meta name=\"twitter:card\" content=\"summary_large_image\" \/>\n<script type=\"application\/ld+json\" class=\"yoast-schema-graph\">{\"@context\":\"https:\/\/schema.org\",\"@graph\":[{\"@type\":\"WebPage\",\"@id\":\"https:\/\/jpfastservice.es\/cookies\/\",\"url\":\"https:\/\/jpfastservice.es\/cookies\/\",\"name\":\"Pol\u00edtica de cookies - JPFASTSERVICE\",\"isPartOf\":{\"@id\":\"https:\/\/jpfastservice.es\/#website\"},\"datePublished\":\"2024-06-18T07:00:25+00:00\",\"dateModified\":\"2024-11-15T11:52:14+00:00\",\"breadcrumb\":{\"@id\":\"https:\/\/jpfastservice.es\/cookies\/#breadcrumb\"},\"inLanguage\":\"en-US\",\"potentialAction\":[{\"@type\":\"ReadAction\",\"target\":[\"https:\/\/jpfastservice.es\/cookies\/\"]}]},{\"@type\":\"BreadcrumbList\",\"@id\":\"https:\/\/jpfastservice.es\/cookies\/#breadcrumb\",\"itemListElement\":[{\"@type\":\"ListItem\",\"position\":1,\"name\":\"Portada\",\"item\":\"https:\/\/jpfastservice.es\/\"},{\"@type\":\"ListItem\",\"position\":2,\"name\":\"Pol\u00edtica de cookies\"}]},{\"@type\":\"WebSite\",\"@id\":\"https:\/\/jpfastservice.es\/#website\",\"url\":\"https:\/\/jpfastservice.es\/\",\"name\":\"JPFASTSERVICE\",\"description\":\"Rehabilitaci\u00f3n y reformas\",\"publisher\":{\"@id\":\"https:\/\/jpfastservice.es\/#organization\"},\"potentialAction\":[{\"@type\":\"SearchAction\",\"target\":{\"@type\":\"EntryPoint\",\"urlTemplate\":\"https:\/\/jpfastservice.es\/?s={search_term_string}\"},\"query-input\":{\"@type\":\"PropertyValueSpecification\",\"valueRequired\":true,\"valueName\":\"search_term_string\"}}],\"inLanguage\":\"en-US\"},{\"@type\":\"Organization\",\"@id\":\"https:\/\/jpfastservice.es\/#organization\",\"name\":\"JPFASTSERVICE\",\"url\":\"https:\/\/jpfastservice.es\/\",\"logo\":{\"@type\":\"ImageObject\",\"inLanguage\":\"en-US\",\"@id\":\"https:\/\/jpfastservice.es\/#\/schema\/logo\/image\/\",\"url\":\"https:\/\/jpfastservice.es\/wp-content\/uploads\/2024\/10\/jf-fastservice-01.png\",\"contentUrl\":\"https:\/\/jpfastservice.es\/wp-content\/uploads\/2024\/10\/jf-fastservice-01.png\",\"width\":1667,\"height\":1667,\"caption\":\"JPFASTSERVICE \"},\"image\":{\"@id\":\"https:\/\/jpfastservice.es\/#\/schema\/logo\/image\/\"}}]}<\/script>\n<!-- \/ Yoast SEO plugin. -->","yoast_head_json":{"title":"Pol\u00edtica de cookies - JPFASTSERVICE","robots":{"index":"noindex","follow":"follow"},"og_locale":"en_US","og_type":"article","og_title":"Pol\u00edtica de cookies - JPFASTSERVICE","og_description":"El acceso a este Sitio Web puede implicar la utilizaci\u00f3n de cookies. Las cookies son peque\u00f1as cantidades de informaci\u00f3n que se almacenan en el navegador utilizado por cada Usuario \u2014en los distintos dispositivos que pueda utilizar para navegar\u2014 para que el servidor recuerde cierta informaci\u00f3n que posteriormente y \u00fanicamente el servidor que la implement\u00f3 leer\u00e1. [&hellip;]","og_url":"https:\/\/jpfastservice.es\/en\/cookies\/","og_site_name":"JPFASTSERVICE","article_modified_time":"2024-11-15T11:52:14+00:00","twitter_card":"summary_large_image","schema":{"@context":"https:\/\/schema.org","@graph":[{"@type":"WebPage","@id":"https:\/\/jpfastservice.es\/cookies\/","url":"https:\/\/jpfastservice.es\/cookies\/","name":"Pol\u00edtica de cookies - JPFASTSERVICE","isPartOf":{"@id":"https:\/\/jpfastservice.es\/#website"},"datePublished":"2024-06-18T07:00:25+00:00","dateModified":"2024-11-15T11:52:14+00:00","breadcrumb":{"@id":"https:\/\/jpfastservice.es\/cookies\/#breadcrumb"},"inLanguage":"en-US","potentialAction":[{"@type":"ReadAction","target":["https:\/\/jpfastservice.es\/cookies\/"]}]},{"@type":"BreadcrumbList","@id":"https:\/\/jpfastservice.es\/cookies\/#breadcrumb","itemListElement":[{"@type":"ListItem","position":1,"name":"Portada","item":"https:\/\/jpfastservice.es\/"},{"@type":"ListItem","position":2,"name":"Pol\u00edtica de cookies"}]},{"@type":"WebSite","@id":"https:\/\/jpfastservice.es\/#website","url":"https:\/\/jpfastservice.es\/","name":"JPFASTSERVICE","description":"Rehabilitaci\u00f3n y reformas","publisher":{"@id":"https:\/\/jpfastservice.es\/#organization"},"potentialAction":[{"@type":"SearchAction","target":{"@type":"EntryPoint","urlTemplate":"https:\/\/jpfastservice.es\/?s={search_term_string}"},"query-input":{"@type":"PropertyValueSpecification","valueRequired":true,"valueName":"search_term_string"}}],"inLanguage":"en-US"},{"@type":"Organization","@id":"https:\/\/jpfastservice.es\/#organization","name":"JPFASTSERVICE","url":"https:\/\/jpfastservice.es\/","logo":{"@type":"ImageObject","inLanguage":"en-US","@id":"https:\/\/jpfastservice.es\/#\/schema\/logo\/image\/","url":"https:\/\/jpfastservice.es\/wp-content\/uploads\/2024\/10\/jf-fastservice-01.png","contentUrl":"https:\/\/jpfastservice.es\/wp-content\/uploads\/2024\/10\/jf-fastservice-01.png","width":1667,"height":1667,"caption":"JPFASTSERVICE "},"image":{"@id":"https:\/\/jpfastservice.es\/#\/schema\/logo\/image\/"}}]}},"_links":{"self":[{"href":"https:\/\/jpfastservice.es\/en\/wp-json\/wp\/v2\/pages\/14","targetHints":{"allow":["GET"]}}],"collection":[{"href":"https:\/\/jpfastservice.es\/en\/wp-json\/wp\/v2\/pages"}],"about":[{"href":"https:\/\/jpfastservice.es\/en\/wp-json\/wp\/v2\/types\/page"}],"author":[{"embeddable":true,"href":"https:\/\/jpfastservice.es\/en\/wp-json\/wp\/v2\/users\/2"}],"replies":[{"embeddable":true,"href":"https:\/\/jpfastservice.es\/en\/wp-json\/wp\/v2\/comments?post=14"}],"version-history":[{"count":7,"href":"https:\/\/jpfastservice.es\/en\/wp-json\/wp\/v2\/pages\/14\/revisions"}],"predecessor-version":[{"id":424,"href":"https:\/\/jpfastservice.es\/en\/wp-json\/wp\/v2\/pages\/14\/revisions\/424"}],"wp:attachment":[{"href":"https:\/\/jpfastservice.es\/en\/wp-json\/wp\/v2\/media?parent=14"}],"curies":[{"name":"wp","href":"https:\/\/api.w.org\/{rel}","templated":true}]}}