{"id":15,"date":"2024-06-18T09:00:47","date_gmt":"2024-06-18T07:00:47","guid":{"rendered":"https:\/\/jpfastservice.es\/?page_id=15"},"modified":"2024-11-15T12:52:48","modified_gmt":"2024-11-15T11:52:48","slug":"legal","status":"publish","type":"page","link":"https:\/\/jpfastservice.es\/en\/legal\/","title":{"rendered":"Legal Notice"},"content":{"rendered":"<div data-elementor-type=\"wp-page\" data-elementor-id=\"15\" class=\"elementor elementor-15\" data-elementor-post-type=\"page\">\n\t\t\t\t<div class=\"elementor-element elementor-element-4ed57d2 e-flex e-con-boxed e-con e-parent\" data-id=\"4ed57d2\" data-element_type=\"container\" data-e-type=\"container\" data-settings=\"{&quot;background_background&quot;:&quot;classic&quot;}\">\n\t\t\t\t\t<div class=\"e-con-inner\">\n\t\t<div class=\"elementor-element elementor-element-44a25b5 e-flex e-con-boxed e-con e-child\" data-id=\"44a25b5\" data-element_type=\"container\" data-e-type=\"container\">\n\t\t\t\t\t<div class=\"e-con-inner\">\n\t\t\t\t<div class=\"elementor-element elementor-element-593fd4a animated-slow elementor-invisible elementor-widget elementor-widget-heading\" data-id=\"593fd4a\" data-element_type=\"widget\" data-e-type=\"widget\" data-settings=\"{&quot;_animation&quot;:&quot;fadeInUp&quot;}\" data-widget_type=\"heading.default\">\n\t\t\t\t<div class=\"elementor-widget-container\">\n\t\t\t\t\t<h1 class=\"elementor-heading-title elementor-size-default\">Legal Notice<\/h1>\t\t\t\t<\/div>\n\t\t\t\t<\/div>\n\t\t\t\t\t<\/div>\n\t\t\t\t<\/div>\n\t\t\t\t\t<\/div>\n\t\t\t\t<\/div>\n\t\t<div class=\"elementor-element elementor-element-e414918 e-flex e-con-boxed e-con e-parent\" data-id=\"e414918\" data-element_type=\"container\" data-e-type=\"container\" data-settings=\"{&quot;background_background&quot;:&quot;classic&quot;}\">\n\t\t\t\t\t<div class=\"e-con-inner\">\n\t\t<div class=\"elementor-element elementor-element-2f4bbd6 e-con-full e-flex e-con e-child\" data-id=\"2f4bbd6\" data-element_type=\"container\" data-e-type=\"container\">\n\t\t\t\t<div class=\"elementor-element elementor-element-162ddbb elementor-invisible elementor-widget elementor-widget-text-editor\" data-id=\"162ddbb\" data-element_type=\"widget\" data-e-type=\"widget\" data-settings=\"{&quot;_animation&quot;:&quot;fadeInUp&quot;}\" data-widget_type=\"text-editor.default\">\n\t\t\t\t<div class=\"elementor-widget-container\">\n\t\t\t\t\t\t\t\t\t<h3>I. GENERAL INFORMATION<\/h3><p>I. GENERAL INFORMATION\nIn compliance with the duty of information provided in Law 34\/2002 on Information Society Services and Electronic Commerce (LSSI-CE) of July 11, the following general information about this website is provided below:<\/p><p>The ownership of this website,\u00a0<span class=\"blanc-space ng-binding\">https:\/\/jpfastservice.es\/<\/span>, (hereinafter, Website) is held by:\u00a0<span class=\"blanc-space ng-binding\">JPFASTSERVICE S.L<\/span>, with NIF:\u00a0<span class=\"blanc-space ng-binding\">B56477052<\/span>, and whose contact details are:<\/p><p>Address:\u00a0<span class=\"blanc-space ng-binding\">AVENIDA NOTARIO ALEMANI N\u00b01 07181<\/span><\/p><p>Contact phone number:\u00a0<span class=\"blanc-space ng-binding\">625440144<\/span><\/p><p>Contact email:\u00a0<span class=\"blanc-space ng-binding\">jp.fastservice@gmail.com<\/span><\/p><h3>II. GENERAL TERMS AND CONDITIONS OF USE<\/h3><h4>The object of the conditions: The Website<\/h4><p>The purpose of these General Conditions of Use (hereinafter, Conditions) is to regulate access to and use of the Website. For the purposes of these Conditions, the Website shall be understood as: the external appearance of the screen interfaces, both statically and dynamically, that is, the navigation tree; and all the elements integrated both in the screen interfaces and in the navigation tree (hereinafter, Contents) and all those services or online resources that it may offer to Users (hereinafter, Services).<\/p><p><span class=\"blanc-space ng-binding\">JPFASTSERVICE<\/span>\u00a0reserves the right to modify, at any time and without prior notice, the presentation and configuration of the Website and the Contents and Services that may be incorporated therein. The User acknowledges and accepts that\u00a0<span class=\"blanc-space ng-binding\">JPFASTSERVICE<\/span>\u00a0may at any time interrupt, deactivate and\/or cancel any of these elements that are integrated into the Website or access to them.<\/p><p>Access to the Website by the User is free of charge and, as a general rule, is free of charge without the User having to provide any compensation to be able to enjoy it, except for the cost of connection through the telecommunications network provided by the access provider contracted by the User.<\/p><p>The use of any of the Contents or Services of the Website may be done through prior subscription or registration of the User.<\/p><h4>The User<\/h4><p>Access, navigation and use of the Website, as well as the spaces enabled for interaction between Users, and the User and\u00a0<span class=\"blanc-space ng-binding\">JPFASTSERVICE<\/span>, such as comments and\/or blogging spaces, confers the status of User, and therefore, from the start of navigation on the Website, all the Conditions established herein are accepted, as well as any subsequent modifications, without prejudice to the application of the corresponding legal regulations of mandatory compliance as the case may be. Given the relevance of the above, the User is recommended to read them each time they visit the Website.<\/p><p>The Website\u00a0<span class=\"blanc-space ng-binding\">JPFASTSERVICE<\/span>\u00a0provides a wide variety of information, services and data. The User assumes responsibility for making correct use of the Website. This responsibility shall extend to:<\/p><ul><li>Use of the information, Content and\/or Services and data offered by\u00a0<span class=\"blanc-space ng-binding\">JPFASTSERVICE<\/span>\u00a0that is not contrary to the provisions of these Conditions, the Law, morality or public order, or that in any other way may result in injury to the rights of third parties or the operation of the Website itself.<\/li><li>The veracity and legality of the information provided by the User in the forms provided by\u00a0<span class=\"blanc-space ng-binding\">JPFASTSERVICE<\/span>\u00a0for access to certain Content or Services offered by the Website. In any case, the User shall immediately notify\u00a0<span class=\"blanc-space ng-binding\">JPFASTSERVICE<\/span>\u00a0of any event that allows the improper use of the information recorded in said forms, such as, but not limited to, theft, loss, or unauthorized access to identifiers and\/or passwords, in order to proceed with their immediate cancellation.<\/li><\/ul><p><span class=\"blanc-space ng-binding\">JPFASTSERVICE<\/span>\u00a0reserves the right to remove any comments and contributions that violate the law, respect for human dignity, that are discriminatory, xenophobic, racist, pornographic, spamming, that threaten youth or childhood, public order or security or that, in its opinion, are not suitable for publication.<\/p><p>In any case,\u00a0<span class=\"blanc-space ng-binding\">JPFASTSERVICE<\/span>\u00a0will not be responsible for the opinions expressed by Users through comments or other blogging or participation tools that may exist.<\/p><p>Mere access to this Website does not imply the establishment of any type of commercial relationship between\u00a0<span class=\"blanc-space ng-binding\">JPFASTSERVICE<\/span>\u00a0and the User.<\/p><p>The User declares to be of legal age and to have sufficient legal capacity to be bound by these Conditions. Therefore, this\u00a0<span class=\"blanc-space ng-binding\">JPFASTSERVICE<\/span>\u00a0Website  is not directed to minors.\u00a0<span class=\"blanc-space ng-binding\">JPFASTSERVICE<\/span>\u00a0declines any liability for failure to comply with this requirement.<\/p><p>The Website is primarily aimed at Users residing in\u00a0<span class=\"blanc-space ng-binding\">Spain<\/span>.\u00a0<span class=\"blanc-space ng-binding\">JPFASTSERVICE<\/span>\u00a0does not guarantee that the Website complies with the laws of other countries, either in whole or in part. If the User resides or has his\/her domicile elsewhere and decides to access and\/or browse the Website, he\/she will do so under his\/her own responsibility and must ensure that such access and browsing complies with the local legislation applicable to him\/her, with\u00a0<span class=\"blanc-space ng-binding\">JPFASTSERVICE<\/span>\u00a0assuming no  responsibility that may arise from such access.<\/p><h3>III. ACCESS AND NAVIGATION ON THE WEBSITE: EXCLUSION OF WARRANTIES AND LIABILITY<\/h3><p><span class=\"blanc-space ng-binding\">JPFASTSERVICE<\/span>\u00a0\u00a0does not guarantee the continuity, availability and usefulness of the Website, nor of the Contents or Services.\u00a0<span class=\"blanc-space ng-binding\">JPFASTSERVICE<\/span>\u00a0will do everything possible to ensure the proper functioning of the Website, however, it is not responsible for and does not guarantee that access to this Website will not be interrupted or error-free.<\/p><p>JPFASTSERVICE is not responsible or guarantees that the content or software that may be accessed through this Website is error-free or causes damage to the User's computer system (software and hardware). In no case  will\u00a0<span class=\"blanc-space ng-binding\">JPFASTSERVICE<\/span>\u00a0be liable for any loss, damage or harm of any kind arising from access, browsing and use of the Website, including, but not limited to, those caused to computer systems or those caused by the introduction of viruses.<\/p><p><span class=\"blanc-space ng-binding\">JPFASTSERVICE<\/span>\u00a0is not responsible for any damage that may be caused to users due to improper use of this Website. In particular, it is not responsible in any way for any failures, interruptions, lack or defect in telecommunications that may occur.<\/p><h3>IV. LINKING POLICY<\/h3><p>The User or third party who creates a hyperlink from a web page of another, different, website to the\u00a0<span class=\"blanc-space ng-binding\">JPFASTSERVICE<\/span>\u00a0Website   must know that:<\/p><p>Reproduction \u2013 in whole or in part \u2013 of any of the Contents and\/or Services of the Website is not permitted without the express authorization of\u00a0<span class=\"blanc-space ng-binding\">JPFASTSERVICE<\/span>.<\/p><p>Any false, inaccurate or incorrect statement regarding the\u00a0<span class=\"blanc-space ng-binding\">JPFASTSERVICE<\/span>\u00a0Website  , or its Contents and\/or Services, is also not permitted.<\/p><p>With the exception of the hyperlink, the website on which said hyperlink is established will not contain any element of this Website protected as intellectual property by the Spanish legal system, unless expressly authorized by\u00a0<span class=\"blanc-space ng-binding\">JPFASTSERVICE<\/span>.<\/p><p>The establishment of the hyperlink will not imply the existence of relations between\u00a0<span class=\"blanc-space ng-binding\">JPFASTSERVICE<\/span>\u00a0and the owner of the website from which it is made, nor the knowledge and acceptance by\u00a0<span class=\"blanc-space ng-binding\">JPFASTSERVICE<\/span>\u00a0of the contents, services and\/or activities offered on said website, and vice versa.<\/p><h3>V. INTELLECTUAL AND INDUSTRIAL PROPERTY<\/h3><p><span class=\"blanc-space ng-binding\">JPFASTSERVICE<\/span>\u00a0by itself or as an assignee, is the owner of all intellectual and industrial property rights of the Website, as well as the elements contained therein (by way of example and not exhaustive, images, sound, audio, video, software or texts, brands or logos, colour combinations, structure and design, selection of materials used, computer programs necessary for its operation, access and use, etc.). They will therefore be works protected as intellectual property by the Spanish legal system, and both Spanish and European regulations in this field will be applicable to them, as well as international treaties relating to the matter and signed by Spain.<\/p><p>All rights reserved. Pursuant to the provisions of the Intellectual Property Law, the reproduction, distribution and public communication, including the method of making available, of all or part of the contents of this website, for commercial purposes, on any medium and by any technical means, without the authorization of\u00a0<span class=\"blanc-space ng-binding\">JPFASTSERVICE<\/span>.<\/p><p>The User undertakes to respect the intellectual and industrial property rights of\u00a0<span class=\"blanc-space ng-binding\">JPFASTSERVICE<\/span>The User may view the elements of the Website or even print, copy and store them on the hard drive of his\/her computer or any other physical medium, provided that this is exclusively for his\/her personal use. The User, however, may not delete, alter or manipulate any protection device or security system installed on the Website.<\/p><p>In the event that the User or a third party considers that any of the Contents of the Website constitutes a violation of intellectual property rights, they must immediately notify\u00a0<span class=\"blanc-space ng-binding\">JPFASTSERVICE<\/span>\u00a0through the contact details in the GENERAL INFORMATION section of this Legal Notice and General Conditions of Use.<\/p><h3>VI. LEGAL ACTIONS, APPLICABLE LEGISLATION AND JURISDICTION<\/h3><p><span class=\"blanc-space ng-binding\">JPFASTSERVICE<\/span>\u00a0reserves the right to file any civil or criminal actions it deems necessary for improper use of the Website and Contents, or for failure to comply with these Conditions.<\/p><p>The relationship between the User and\u00a0<span class=\"blanc-space ng-binding\">JPFASTSERVICE<\/span> shall be governed by the regulations in force and applicable in Spanish territory. If any dispute arises in relation to the interpretation and\/or application of these Conditions, the parties shall submit their conflicts to the ordinary jurisdiction, submitting to the judges and courts that correspond according to law.\u00a0<\/p>\t\t\t\t\t\t\t\t<\/div>\n\t\t\t\t<\/div>\n\t\t\t\t<\/div>\n\t\t\t\t\t<\/div>\n\t\t\t\t<\/div>\n\t\t\t\t<\/div>","protected":false},"excerpt":{"rendered":"<p>I. INFORMACI\u00d3N GENERAL En cumplimiento con el deber de informaci\u00f3n dispuesto en la Ley 34\/2002 de Servicios de la Sociedad de la Informaci\u00f3n y el Comercio Electr\u00f3nico (LSSI-CE) de 11 de julio, se facilitan a continuaci\u00f3n los siguientes datos de informaci\u00f3n general de este sitio web: La titularidad de este sitio web,\u00a0https:\/\/jpfastservice.es\/, (en adelante, Sitio [&hellip;]<\/p>\n","protected":false},"author":2,"featured_media":0,"parent":0,"menu_order":12,"comment_status":"closed","ping_status":"closed","template":"elementor_header_footer","meta":{"_joinchat":[],"footnotes":""},"class_list":["post-15","page","type-page","status-publish","hentry"],"yoast_head":"<!-- This site is optimized with the Yoast SEO plugin v26.8 - https:\/\/yoast.com\/product\/yoast-seo-wordpress\/ -->\n<title>Aviso legal - JPFASTSERVICE<\/title>\n<meta name=\"robots\" content=\"noindex, follow\" \/>\n<meta property=\"og:locale\" content=\"en_US\" \/>\n<meta property=\"og:type\" content=\"article\" \/>\n<meta property=\"og:title\" content=\"Aviso legal - JPFASTSERVICE\" \/>\n<meta property=\"og:description\" content=\"I. INFORMACI\u00d3N GENERAL En cumplimiento con el deber de informaci\u00f3n dispuesto en la Ley 34\/2002 de Servicios de la Sociedad de la Informaci\u00f3n y el Comercio Electr\u00f3nico (LSSI-CE) de 11 de julio, se facilitan a continuaci\u00f3n los siguientes datos de informaci\u00f3n general de este sitio web: La titularidad de este sitio web,\u00a0https:\/\/jpfastservice.es\/, (en adelante, Sitio [&hellip;]\" \/>\n<meta property=\"og:url\" content=\"https:\/\/jpfastservice.es\/en\/legal\/\" \/>\n<meta property=\"og:site_name\" content=\"JPFASTSERVICE\" \/>\n<meta property=\"article:modified_time\" content=\"2024-11-15T11:52:48+00:00\" \/>\n<meta name=\"twitter:card\" content=\"summary_large_image\" \/>\n<script type=\"application\/ld+json\" class=\"yoast-schema-graph\">{\"@context\":\"https:\/\/schema.org\",\"@graph\":[{\"@type\":\"WebPage\",\"@id\":\"https:\/\/jpfastservice.es\/legal\/\",\"url\":\"https:\/\/jpfastservice.es\/legal\/\",\"name\":\"Aviso legal - JPFASTSERVICE\",\"isPartOf\":{\"@id\":\"https:\/\/jpfastservice.es\/#website\"},\"datePublished\":\"2024-06-18T07:00:47+00:00\",\"dateModified\":\"2024-11-15T11:52:48+00:00\",\"breadcrumb\":{\"@id\":\"https:\/\/jpfastservice.es\/legal\/#breadcrumb\"},\"inLanguage\":\"en-US\",\"potentialAction\":[{\"@type\":\"ReadAction\",\"target\":[\"https:\/\/jpfastservice.es\/legal\/\"]}]},{\"@type\":\"BreadcrumbList\",\"@id\":\"https:\/\/jpfastservice.es\/legal\/#breadcrumb\",\"itemListElement\":[{\"@type\":\"ListItem\",\"position\":1,\"name\":\"Portada\",\"item\":\"https:\/\/jpfastservice.es\/\"},{\"@type\":\"ListItem\",\"position\":2,\"name\":\"Aviso legal\"}]},{\"@type\":\"WebSite\",\"@id\":\"https:\/\/jpfastservice.es\/#website\",\"url\":\"https:\/\/jpfastservice.es\/\",\"name\":\"JPFASTSERVICE\",\"description\":\"Rehabilitaci\u00f3n y reformas\",\"publisher\":{\"@id\":\"https:\/\/jpfastservice.es\/#organization\"},\"potentialAction\":[{\"@type\":\"SearchAction\",\"target\":{\"@type\":\"EntryPoint\",\"urlTemplate\":\"https:\/\/jpfastservice.es\/?s={search_term_string}\"},\"query-input\":{\"@type\":\"PropertyValueSpecification\",\"valueRequired\":true,\"valueName\":\"search_term_string\"}}],\"inLanguage\":\"en-US\"},{\"@type\":\"Organization\",\"@id\":\"https:\/\/jpfastservice.es\/#organization\",\"name\":\"JPFASTSERVICE\",\"url\":\"https:\/\/jpfastservice.es\/\",\"logo\":{\"@type\":\"ImageObject\",\"inLanguage\":\"en-US\",\"@id\":\"https:\/\/jpfastservice.es\/#\/schema\/logo\/image\/\",\"url\":\"https:\/\/jpfastservice.es\/wp-content\/uploads\/2024\/10\/jf-fastservice-01.png\",\"contentUrl\":\"https:\/\/jpfastservice.es\/wp-content\/uploads\/2024\/10\/jf-fastservice-01.png\",\"width\":1667,\"height\":1667,\"caption\":\"JPFASTSERVICE \"},\"image\":{\"@id\":\"https:\/\/jpfastservice.es\/#\/schema\/logo\/image\/\"}}]}<\/script>\n<!-- \/ Yoast SEO plugin. -->","yoast_head_json":{"title":"Aviso legal - JPFASTSERVICE","robots":{"index":"noindex","follow":"follow"},"og_locale":"en_US","og_type":"article","og_title":"Aviso legal - JPFASTSERVICE","og_description":"I. INFORMACI\u00d3N GENERAL En cumplimiento con el deber de informaci\u00f3n dispuesto en la Ley 34\/2002 de Servicios de la Sociedad de la Informaci\u00f3n y el Comercio Electr\u00f3nico (LSSI-CE) de 11 de julio, se facilitan a continuaci\u00f3n los siguientes datos de informaci\u00f3n general de este sitio web: La titularidad de este sitio web,\u00a0https:\/\/jpfastservice.es\/, (en adelante, Sitio [&hellip;]","og_url":"https:\/\/jpfastservice.es\/en\/legal\/","og_site_name":"JPFASTSERVICE","article_modified_time":"2024-11-15T11:52:48+00:00","twitter_card":"summary_large_image","schema":{"@context":"https:\/\/schema.org","@graph":[{"@type":"WebPage","@id":"https:\/\/jpfastservice.es\/legal\/","url":"https:\/\/jpfastservice.es\/legal\/","name":"Aviso legal - JPFASTSERVICE","isPartOf":{"@id":"https:\/\/jpfastservice.es\/#website"},"datePublished":"2024-06-18T07:00:47+00:00","dateModified":"2024-11-15T11:52:48+00:00","breadcrumb":{"@id":"https:\/\/jpfastservice.es\/legal\/#breadcrumb"},"inLanguage":"en-US","potentialAction":[{"@type":"ReadAction","target":["https:\/\/jpfastservice.es\/legal\/"]}]},{"@type":"BreadcrumbList","@id":"https:\/\/jpfastservice.es\/legal\/#breadcrumb","itemListElement":[{"@type":"ListItem","position":1,"name":"Portada","item":"https:\/\/jpfastservice.es\/"},{"@type":"ListItem","position":2,"name":"Aviso legal"}]},{"@type":"WebSite","@id":"https:\/\/jpfastservice.es\/#website","url":"https:\/\/jpfastservice.es\/","name":"JPFASTSERVICE","description":"Rehabilitaci\u00f3n y reformas","publisher":{"@id":"https:\/\/jpfastservice.es\/#organization"},"potentialAction":[{"@type":"SearchAction","target":{"@type":"EntryPoint","urlTemplate":"https:\/\/jpfastservice.es\/?s={search_term_string}"},"query-input":{"@type":"PropertyValueSpecification","valueRequired":true,"valueName":"search_term_string"}}],"inLanguage":"en-US"},{"@type":"Organization","@id":"https:\/\/jpfastservice.es\/#organization","name":"JPFASTSERVICE","url":"https:\/\/jpfastservice.es\/","logo":{"@type":"ImageObject","inLanguage":"en-US","@id":"https:\/\/jpfastservice.es\/#\/schema\/logo\/image\/","url":"https:\/\/jpfastservice.es\/wp-content\/uploads\/2024\/10\/jf-fastservice-01.png","contentUrl":"https:\/\/jpfastservice.es\/wp-content\/uploads\/2024\/10\/jf-fastservice-01.png","width":1667,"height":1667,"caption":"JPFASTSERVICE "},"image":{"@id":"https:\/\/jpfastservice.es\/#\/schema\/logo\/image\/"}}]}},"_links":{"self":[{"href":"https:\/\/jpfastservice.es\/en\/wp-json\/wp\/v2\/pages\/15","targetHints":{"allow":["GET"]}}],"collection":[{"href":"https:\/\/jpfastservice.es\/en\/wp-json\/wp\/v2\/pages"}],"about":[{"href":"https:\/\/jpfastservice.es\/en\/wp-json\/wp\/v2\/types\/page"}],"author":[{"embeddable":true,"href":"https:\/\/jpfastservice.es\/en\/wp-json\/wp\/v2\/users\/2"}],"replies":[{"embeddable":true,"href":"https:\/\/jpfastservice.es\/en\/wp-json\/wp\/v2\/comments?post=15"}],"version-history":[{"count":7,"href":"https:\/\/jpfastservice.es\/en\/wp-json\/wp\/v2\/pages\/15\/revisions"}],"predecessor-version":[{"id":430,"href":"https:\/\/jpfastservice.es\/en\/wp-json\/wp\/v2\/pages\/15\/revisions\/430"}],"wp:attachment":[{"href":"https:\/\/jpfastservice.es\/en\/wp-json\/wp\/v2\/media?parent=15"}],"curies":[{"name":"wp","href":"https:\/\/api.w.org\/{rel}","templated":true}]}}